{"id":198,"date":"2017-05-11T17:52:58","date_gmt":"2017-05-11T17:52:58","guid":{"rendered":"http:\/\/nowadays.home.pl\/autoinstalator\/wordpress3\/?page_id=198"},"modified":"2023-04-02T17:38:53","modified_gmt":"2023-04-02T17:38:53","slug":"rada","status":"publish","type":"page","link":"http:\/\/www.federacjautw.com.pl\/?page_id=198","title":{"rendered":"Rada"},"content":{"rendered":"<h3 style=\"text-align: left;\"><span style=\"color: #993300;\"><b>Sk\u0142ad Rady Federacji UTW od 18 marca 2023 r.<\/b><\/span><\/h3>\n<h3 style=\"text-align: left;\"><strong>Prezes\u00a0 Federacji UTW<\/strong><\/h3>\n<p><strong><a href=\"http:\/\/www.federacjautw.com.pl\/wp-content\/uploads\/2019\/02\/Teresa-Ziegler.jpg\"><img decoding=\"async\" loading=\"lazy\" class=\"size-medium wp-image-686 alignleft\" src=\"http:\/\/www.federacjautw.com.pl\/wp-content\/uploads\/2019\/02\/Teresa-Ziegler-300x254.jpg\" alt=\"\" width=\"300\" height=\"254\" srcset=\"http:\/\/www.federacjautw.com.pl\/wp-content\/uploads\/2019\/02\/Teresa-Ziegler-300x254.jpg 300w, http:\/\/www.federacjautw.com.pl\/wp-content\/uploads\/2019\/02\/Teresa-Ziegler-768x649.jpg 768w, http:\/\/www.federacjautw.com.pl\/wp-content\/uploads\/2019\/02\/Teresa-Ziegler-960x811.jpg 960w, http:\/\/www.federacjautw.com.pl\/wp-content\/uploads\/2019\/02\/Teresa-Ziegler.jpg 1020w\" sizes=\"(max-width: 300px) 100vw, 300px\" \/><\/a><\/strong><\/p>\n<p><span style=\"color: #008000; font-size: 14pt;\"><strong>Teresa Ziegler<\/strong><\/span><\/p>\n<p>Jestem z\u00a0 wykszta\u0142cenia &#8211; informatyczk\u0105, z zawodu &#8211; nauczycielk\u0105 matematyki i informatyki, obecnie emerytowan\u0105, ale pracuj\u0105c\u0105. Chc\u0119 wp\u0142ywa\u0107 na rzeczywisto\u015b\u0107 poprzez dzia\u0142ania spo\u0142eczne dla mieszka\u0144c\u00f3w Wa\u0142brzycha. W tym celu dzia\u0142am w Wa\u0142brzyskim Towarzystwie O\u015bwiatowym na rzecz dzieci, m\u0142odzie\u017cy i doros\u0142ych, g\u0142\u00f3wnie senior\u00f3w. W 2003 roku za\u0142o\u017cy\u0142am Sudecki Uniwersytet Trzeciego Wieku, kt\u00f3rego jestem kierowniczk\u0105. Prowadz\u0119 tam tak\u017ce warsztaty komputerowe. Zrealizowa\u0142am wiele projekt\u00f3w na rzecz senior\u00f3w zdobywaj\u0105c na te projekty dofinansowanie. W 2014 roku by\u0142 to np.\u00a0 projekt &#8222;Rozw\u00f3j wolontariatu senior\u00f3w w Aglomeracji Wa\u0142brzyskiej&#8221;, kt\u00f3ry obejmowa\u0142\u00a0 5 uniwersytet\u00f3w trzeciego wieku a w 2017 projekt dofinansowany w ramach ASOS &#8222;Terapeutyczny wolontariat wa\u0142brzyskich senior\u00f3w&#8221;.<\/p>\n<p>Jestem latarnikiem cyfrowym, czyli wprowadzam senior\u00f3w w cyfrowy \u015bwiat &#8211; przeszkoli\u0142am w ramach swojego grantu 350 os\u00f3b w wieku 50+. W latach 2011 &#8211; 2017 by\u0142am cz\u0142onkini\u0105 Gminnej Rady Dzia\u0142alno\u015bci Po\u017cytku Publicznego w Wa\u0142brzychu.\u00a0 Stara\u0142am si\u0119 poprawia\u0107 wsp\u00f3\u0142prac\u0119 miasta z organizacjami pozarz\u0105dowymi, g\u0142\u00f3wnie w dziedzinie edukacji. W latach 2012-2016 \u00a0roku by\u0142am\u00a0cz\u0142onkini\u0105 Rady do spraw Polityki Senioralnej przy MPiPS.\u00a0 Jestem zwolenniczk\u0105 partycypacji obywateli w stanowieniu prawa ich dotycz\u0105cego.<\/p>\n<p>Interesuj\u0119 si\u0119 literatur\u0105, zw\u0142aszcza polskich autorek &#8211; wa\u0142brzyszanek Joanny Bator i Olgi Tokarczuk, czy Gra\u017cyny Plebanek, Ingi\u00a0 Iwasi\u00f3w i Anny Janko.\u00a0 Lubi\u0119 s\u0142ucha\u0107 tr\u0105bki Tomasza Sta\u0144ki i \u015bpiewu Agi Zaryan. Je\u015bli mam czas robi\u0119 na drutach, to znakomicie relaksuje.\u00a0\u00a0 Uwielbiam podr\u00f3\u017ce, zwiedzi\u0142am wiele europejskich kraj\u00f3w, organizuj\u0119 wycieczki dla senior\u00f3w z naszego utw po kraju i Europie.<\/p>\n<p>Jestem m\u0119\u017catk\u0105, mam dwoje doros\u0142ych\u00a0 dzieci\u00a0 oraz dw\u00f3jk\u0119 wnuk\u00f3w. Moim marzeniem by\u0142o stworzenie uniwersytetu trzeciego wieku w Wa\u0142brzychu &#8211; uda\u0142o si\u0119 to marzenie zrealizowa\u0107, teraz chc\u0119 dzia\u0142a\u0107 troch\u0119 szerzej, mi\u0119dzy innymi\u00a0 na rzecz\u00a0 Federacji UTW na Dolnym \u015al\u0105sku.<\/p>\n<h3 style=\"text-align: left;\"><strong>Wiceprezesi Rady Federacji UTW<\/strong><\/h3>\n<p><a href=\"http:\/\/www.federacjautw.com.pl\/wp-content\/uploads\/2017\/04\/januszblek.png\"><img decoding=\"async\" loading=\"lazy\" class=\"size-full wp-image-191 alignleft\" src=\"http:\/\/www.federacjautw.com.pl\/wp-content\/uploads\/2017\/04\/januszblek.png\" alt=\"\" width=\"148\" height=\"200\" \/><\/a><\/p>\n<p><span style=\"color: #008000; font-size: 14pt;\"><strong>Janusz Blek<\/strong><\/span><\/p>\n<p><em>\u201eJest nikim ten, co nie poprawia \u015bwiata\u201d<\/em><\/p>\n<p>Jestem absolwentem wydzia\u0142u Matematyki, Fizyki i\u00a0Chemii Uniwersytetu Wroc\u0142awskiego w\u00a0zakresie Fizyki ze specjalno\u015bci\u0105 nauczycielsk\u0105. Ca\u0142e swoje zawodowe\u00a0 \u017cycie zwi\u0105za\u0142em z I Liceum Og\u00f3lnokszta\u0142c\u0105cym w\u00a0Miliczu. Poza prac\u0105 dydaktyczn\u0105\u00a0 organizowa\u0142em biwaki, obozy, zimowiska i\u00a0wycieczki dla harcerzy i\u00a0uczni\u00f3w liceum. Tworzy\u0142em i prowadzi\u0142em \u015brodowiskowe harcerskie dru\u017cyny wodne \u00a0i\u00a0turystyczne dzia\u0142aj\u0105ce w ramach Szczepu ZHP przy I\u00a0Liceum Og\u00f3lnokszta\u0142c\u0105cym, kt\u00f3rego by\u0142 komendantem. W\u00a0latach 1989-99 by\u0142em dyrektorem I LO oraz Licem Medycznego. Tworzy\u0142em r\u00f3wnie\u017c szko\u0142\u0119 muzyczn\u0105 w Miliczu i by\u0142em jej pierwszym dyrektorem. Jako\u00a0 dzia\u0142acz zwi\u0105zkowy aktywnie uczestniczy\u0142em w\u00a0\u017cyciu lokalnych samorz\u0105d\u00f3w\u00a0 broni\u0105c praw pracownik\u00f3w o\u015bwiaty\u00a0 gminy i powiatu oraz tworz\u0105c lokalne prawo\u00a0 o\u015bwiatowe. Po przej\u015bciu na emerytur\u0119 podj\u0105\u0142em dzia\u0142alno\u015b\u0107 na rzecz senior\u00f3w jako wsp\u00f3\u0142za\u0142o\u017cyciel i prezes Uniwersytetu Trzeciego Wieku w Miliczu \u2013 Stowarzyszenia\u00a0 umo\u017cliwiaj\u0105cego aktywny udzia\u0142 w edukacji, kulturze i\u00a0sporcie wszystkim po pi\u0119\u0107dziesi\u0105tce.<\/p>\n<p>Moje zainteresowania to \u017ceglarstwo, turystyka i praca w ogrodzie.<\/p>\n<p><span style=\"color: #008000; font-size: 14pt;\"><strong><img decoding=\"async\" loading=\"lazy\" class=\"wp-image-1292 size-medium alignleft\" src=\"http:\/\/www.federacjautw.com.pl\/wp-content\/uploads\/2023\/04\/FaceApp_1680243932661-249x300.jpg\" alt=\"\" width=\"249\" height=\"300\" srcset=\"http:\/\/www.federacjautw.com.pl\/wp-content\/uploads\/2023\/04\/FaceApp_1680243932661-249x300.jpg 249w, http:\/\/www.federacjautw.com.pl\/wp-content\/uploads\/2023\/04\/FaceApp_1680243932661-851x1024.jpg 851w, http:\/\/www.federacjautw.com.pl\/wp-content\/uploads\/2023\/04\/FaceApp_1680243932661-768x925.jpg 768w, http:\/\/www.federacjautw.com.pl\/wp-content\/uploads\/2023\/04\/FaceApp_1680243932661.jpg 952w\" sizes=\"(max-width: 249px) 100vw, 249px\" \/>Izabela Stasiak-Kicieli\u0144ska<\/strong><\/span><\/p>\n<p>Dyrektor Centrum Kszta\u0142cenia Zawodowego i Ustawicznego w Legnicy.<\/p>\n<h3><\/h3>\n<h3><strong>Cz\u0142onkowie Rady Federacji UTW<\/strong><\/h3>\n<p><span style=\"color: #008000;\"><strong><a href=\"http:\/\/www.federacjautw.com.pl\/wp-content\/uploads\/2019\/02\/Bo\u017cena-Kuchmacz-e1551265252767.jpg\"><img decoding=\"async\" loading=\"lazy\" class=\" wp-image-687 alignleft\" src=\"http:\/\/www.federacjautw.com.pl\/wp-content\/uploads\/2019\/02\/Bo\u017cena-Kuchmacz-e1551265252767-300x300.jpg\" alt=\"\" width=\"228\" height=\"228\" srcset=\"http:\/\/www.federacjautw.com.pl\/wp-content\/uploads\/2019\/02\/Bo\u017cena-Kuchmacz-e1551265252767-300x300.jpg 300w, http:\/\/www.federacjautw.com.pl\/wp-content\/uploads\/2019\/02\/Bo\u017cena-Kuchmacz-e1551265252767-150x150.jpg 150w, http:\/\/www.federacjautw.com.pl\/wp-content\/uploads\/2019\/02\/Bo\u017cena-Kuchmacz-e1551265252767.jpg 323w\" sizes=\"(max-width: 228px) 100vw, 228px\" \/><\/a><span style=\"font-size: 14pt;\">dr in\u017c. Bo\u017cena Kuchmacz<\/span><\/strong><\/span><\/p>\n<p>Dr nauk ekonomicznych, prac\u0119 obroni\u0142a na Uniwersytecie Ekonomicznym we Wroc\u0142awiu. W 1985 r. uko\u0144czy\u0142a Akademi\u0119 G\u00f3rniczo-Hutnicz\u0105 w Krakowie, Wydzia\u0142 In\u017cynierii Materia\u0142owej i Ceramiki na Kierunku Chemii. W latach 1985-1994 pracowa\u0142a w Zak\u0142adach Ceramicznych &#8222;Boles\u0142awiec&#8221; w Boles\u0142awcu.<\/p>\n<p>Od 1994 r. pe\u0142ni funkcj\u0119 dyrektora Gminnego O\u015brodka Kultury i Sportu w Gromadce. Od 2006 r. cz\u0142onek Fundacji i Stowarzyszenia LGD &#8222;Wrzosowa Kraina&#8221; z siedzib\u0105 w Chocianowie. Br\u0105zowy Krzy\u017c Zas\u0142ugi w 2013 r., Medal &#8222;Pro Patria&#8221; w 2014 r. Zainteresowania badawcze: kapita\u0142 spo\u0142eczny, rozw\u00f3j lokalny, organizacje non-profit, fundusze unijne.<\/p>\n<p><a href=\"http:\/\/www.federacjautw.com.pl\/wp-content\/uploads\/2019\/02\/Apolonia-Lulek.jpg\"><img decoding=\"async\" loading=\"lazy\" class=\"size-full wp-image-695 alignleft\" src=\"http:\/\/www.federacjautw.com.pl\/wp-content\/uploads\/2019\/02\/Apolonia-Lulek.jpg\" alt=\"\" width=\"256\" height=\"160\" \/><\/a><\/p>\n<p><span style=\"color: #008000; font-size: 14pt;\"><strong>Apolonia Lulek<\/strong><\/span><\/p>\n<p>Pe\u0142nomocnik Rektora ds. Karkonoskiego\u00a0\u00a0 Uniwersytetu Trzeciego Wieku w Kamiennej G\u00f3rze. KUTW prowadz\u0119 od 2010\/2011, jestem absolwentk\u0105 Akademii Ekonomicznej\u00a0 we Wroc\u0142awiu. Wcze\u015bniej by\u0142am wicedyrektorem Zespo\u0142u Szk\u00f3\u0142 Zawodowych w Kamiennej G\u00f3rze. Pe\u0142ni\u0142am funkcj\u0119 sekretarza\u00a0\u00a0 w Stowarzyszeniu Os\u00f3b Intelektualnie Niepe\u0142nosprawnych. Prowadzi\u0142am OHP organizuj\u0105c prac\u0119\u00a0\u00a0\u00a0\u00a0 w czasie wakacji dla setek m\u0142odzie\u017cy w kraju i za granic\u0105.<\/p>\n<p>Po przej\u015bciu na emerytur\u0119 za\u0142o\u017cy\u0142am i przez 10 lat prowadzi\u0142am Spo\u0142eczne Studium Administracji. Praca z Seniorami nie jest \u0142atwa, gdy\u017c cz\u0119\u015b\u0107 z nich\u00a0 przyzwyczajona jest tylko do wymaga\u0144. Dlatego moja praca idzie w kierunku aktywizacji senior\u00f3w dzia\u0142aj\u0105c na rzecz innych. Wiem, \u017ce tego nie osi\u0105gnie si\u0119 natychmiast, \u017ce jest to d\u0142uga i \u017cmudna praca, ale efekty ju\u017c s\u0105 widoczne.<\/p>\n<p>Obecnie przyj\u0119\u0142am kilka cel\u00f3w, mi\u0119dzy innymi integracja mi\u0119dzypokoleniowa, wsp\u00f3\u0142praca z 4 szko\u0142ami r\u00f3\u017cnych szczebli, aby m\u0142odzie\u017c przygotowa\u0107 do tego,\u00a0 \u017ce staro\u015b\u0107 to nie wybryk natury tylko normalno\u015b\u0107. Wsp\u00f3\u0142praca z organizacjami, kt\u00f3re dzia\u0142aj\u0105 na rzecz senior\u00f3w. Praca na rzecz Rady Senior\u00f3w. Najwa\u017cniejszym celem jest organizacja ciekawych zaj\u0119\u0107, aby p\u00f3\u017ana doros\u0142o\u015b\u0107 by\u0142a mi\u0142a i satysfakcjonuj\u0105ca, aby pobyt na uniwersytecie by\u0142 platform\u0105 spotka\u0144 towarzyskich i bezpiecze\u0144stwem przed samotno\u015bci\u0105.<\/p>\n<p>Uniwersytet wsp\u00f3\u0142pracuje ze Stowarzyszeniem Fraeunkirche z Drezna. Organizujemy wsp\u00f3lne spotkania, wyjazdy, poznawanie kultury i obyczaj\u00f3w naszych s\u0105siad\u00f3w. Wsp\u00f3\u0142pracujemy tak\u017ce ze Zgromadzeniem Benedyktynek w Krzeszowie oraz Sanktuarium Krzeszowskim a tak\u017ce z organizacj\u0105\u00a0 VIA SAKRA. \u201dPodr\u00f3\u017cowanie bez granic przez wieki w zadumie\u201d. Organizacja Via Sakra skupia przedstawicieli obiekt\u00f3w kultury z teren\u00f3w Niemiec, Czech i Polski.<\/p>\n<h3><img decoding=\"async\" loading=\"lazy\" class=\"wp-image-1281 size-medium alignleft\" src=\"http:\/\/www.federacjautw.com.pl\/wp-content\/uploads\/2023\/03\/Magdalena-Wnuk-Olenicz_zdjecie-1-200x300.jpg\" alt=\"\" width=\"200\" height=\"300\" srcset=\"http:\/\/www.federacjautw.com.pl\/wp-content\/uploads\/2023\/03\/Magdalena-Wnuk-Olenicz_zdjecie-1-200x300.jpg 200w, http:\/\/www.federacjautw.com.pl\/wp-content\/uploads\/2023\/03\/Magdalena-Wnuk-Olenicz_zdjecie-1-683x1024.jpg 683w, http:\/\/www.federacjautw.com.pl\/wp-content\/uploads\/2023\/03\/Magdalena-Wnuk-Olenicz_zdjecie-1-768x1152.jpg 768w, http:\/\/www.federacjautw.com.pl\/wp-content\/uploads\/2023\/03\/Magdalena-Wnuk-Olenicz_zdjecie-1-1024x1536.jpg 1024w, http:\/\/www.federacjautw.com.pl\/wp-content\/uploads\/2023\/03\/Magdalena-Wnuk-Olenicz_zdjecie-1-1365x2048.jpg 1365w, http:\/\/www.federacjautw.com.pl\/wp-content\/uploads\/2023\/03\/Magdalena-Wnuk-Olenicz_zdjecie-1-scaled.jpg 1707w\" sizes=\"(max-width: 200px) 100vw, 200px\" \/><b style=\"font-size: revert; color: #008000;\"><span style=\"font-family: Calibri, 'sans-serif';\">Magdalena Wnuk-Olenicz\u00a0<\/span><\/b><\/h3>\n<p>doktor nauk spo\u0142ecznych, andragog, edukator os\u00f3b starszych, absolwentka studi\u00f3w podyplomowych Zarz\u0105dzanie Zasobami Ludzkimi. Od kilkunastu lat wsp\u00f3\u0142pracuje z seniorami w ramach realizowanych zaj\u0119\u0107 edukacyjnych (tak\u017ce mi\u0119dzypokoleniowych) oraz warsztat\u00f3w biograficznych i rozwojowych w Uniwersytetach Trzeciego Wieku we Wroc\u0142awiu i na Dolnym \u015al\u0105sku.<\/p>\n<p>Uczestniczka krajowych i mi\u0119dzynarodowych projekt\u00f3w edukacyjnych adresowanych do os\u00f3b starszych. Jest autork\u0105 kilkudziesi\u0119ciu publikacji naukowych. Przez 14 lat pracowa\u0142a jako wyk\u0142adowczyni na uczelni, obecnie pe\u0142ni funkcj\u0119 kierownika Uniwersytetu Trzeciego Wieku w Uniwersytecie Wroc\u0142awskim.<\/p>\n<p><strong>Przejd\u017a do drugiej strony, by zapozna\u0107 si\u0119 ze sk\u0142adem Rady poprzedniej kadencji.<\/strong><\/p>\n<p><!--nextpage--><\/p>\n<p>Sk\u0142ad w\u0142adz Federacji w poprzedniej kadencji:<\/p>\n<h3 style=\"text-align: left;\"><strong>Prezes \u00a0Federacji UTW<\/strong><\/h3>\n<p><span style=\"font-size: 14pt; color: #008000;\"><strong>dr Marta Koszczyc<\/strong><\/span><\/p>\n<p><!-- [if IE 7]>\n \t \t \t \t<link rel=\"stylesheet\" type=\"text\/css\" href=\"..\/css\/ie7.css?template=generic\" \/>\n\t<![endif]--><\/p>\n<div class=\"site-frame\">\n<div id=\"wrapper\" class=\"container-content external-border-none\">\n<div class=\"external-side-left\">\n<div class=\"external-side-left-top\">\n<div class=\"external-side-left-bottom\">\n<div class=\"external-side-right\">\n<div class=\"external-side-right-top\">\n<div class=\"external-side-right-bottom\">\n<div id=\"watermark\" class=\"pageContentText background22-black background border-none\">\n<div id=\"watermark-content\" class=\"container-content\">\n<div id=\"columns\">\n<div id=\"content\" class=\"content border-none\">\n<div id=\"content-side\" class=\"side\">\n<div id=\"content-side2\" class=\"side2\">\n<div class=\"container-content\">\n<div id=\"content-content\">\n<div id=\"content-content-inner\" class=\"container-content-inner\">\n<div id=\"widget-29ec9277-cd07-45f8-b245-3f467563c4a7\" class=\"widget widget-text\">\n<div class=\"widget-content\">\n<p><img decoding=\"async\" loading=\"lazy\" class=\"wp-image-368 alignleft\" src=\"http:\/\/www.federacjautw.com.pl\/wp-content\/uploads\/2017\/05\/MK-300x294.jpg\" alt=\"\" width=\"198\" height=\"194\" srcset=\"http:\/\/www.federacjautw.com.pl\/wp-content\/uploads\/2017\/05\/MK-300x294.jpg 300w, http:\/\/www.federacjautw.com.pl\/wp-content\/uploads\/2017\/05\/MK-768x751.jpg 768w, http:\/\/www.federacjautw.com.pl\/wp-content\/uploads\/2017\/05\/MK-1024x1002.jpg 1024w, http:\/\/www.federacjautw.com.pl\/wp-content\/uploads\/2017\/05\/MK-960x939.jpg 960w\" sizes=\"(max-width: 198px) 100vw, 198px\" \/><\/p>\n<\/div>\n<\/div>\n<\/div>\n<\/div>\n<\/div>\n<\/div>\n<\/div>\n<\/div>\n<\/div>\n<\/div>\n<\/div>\n<\/div>\n<\/div>\n<\/div>\n<\/div>\n<\/div>\n<\/div>\n<\/div>\n<\/div>\n<p>JESTEM \u2013 doktorem nauk o Kulturze Fizycznej, absolwentk\u0105 studi\u00f3w podyplomowych w Uniwersytecie Wroc\u0142awskim &#8211; Psychogerontologia. Asystent Seniora, wiceprzewodnicz\u0105c\u0105 Dolno\u015bl\u0105skiego Oddzia\u0142u Polskiego Towarzystwa Gerontologicznego, cz\u0142onkiem zespo\u0142u naukowo \u2013 badawczego Edutainment, nauczycielem akademickim w Katedrze Pedagogiki Kultury Fizycznej w AWF we Wroc\u0142awiu. Wsp\u00f3\u0142pracuj\u0119 z czasopismami naukowymi Wychowanie w Rodzinie, Ogrody Nauk i Sztuk oraz Edutainment.<\/p>\n<p>Moje zainteresowania naukowe koncentruj\u0105 si\u0119 wok\u00f3\u0142 problematyki os\u00f3b starzej\u0105cych si\u0119 ze\u00a0 szczeg\u00f3lnym uwzgl\u0119dnieniem to\u017csamo\u015bci cia\u0142a i biografii edukacyjnej Senior\u00f3w. Moje pasje \u2013 architektura wn\u0119trz i krajobrazu.<\/p>\n<h3 style=\"text-align: left;\"><strong>Wiceprezesi Rady Federacji UTW <\/strong><\/h3>\n<p><span style=\"color: #008000; font-size: 14pt;\"><strong>Teresa Ziegler<\/strong><\/span><\/p>\n<p><img decoding=\"async\" loading=\"lazy\" id=\"mce-1897\" class=\"alignleft\" src=\"http:\/\/federacjautw.com.pl\/attachments\/Image\/ziegler.jpg?template=generic\" alt=\"\" width=\"199\" height=\"168\" \/><\/p>\n<p>Jestem z\u00a0 wykszta\u0142cenia &#8211; informatyczk\u0105, z zawodu &#8211; nauczycielk\u0105 matematyki i informatyki, obecnie emerytowan\u0105, ale pracuj\u0105c\u0105. Chc\u0119 wp\u0142ywa\u0107 na rzeczywisto\u015b\u0107 poprzez dzia\u0142ania spo\u0142eczne dla mieszka\u0144c\u00f3w Wa\u0142brzycha. W tym celu dzia\u0142am w Wa\u0142brzyskim Towarzystwie O\u015bwiatowym na rzecz dzieci, m\u0142odzie\u017cy i doros\u0142ych, g\u0142\u00f3wnie senior\u00f3w. W 2003 roku za\u0142o\u017cy\u0142am Sudecki Uniwersytet Trzeciego Wieku, kt\u00f3rego jestem kierowniczk\u0105. Prowadz\u0119 tam tak\u017ce warsztaty komputerowe. Zrealizowa\u0142am wiele projekt\u00f3w na rzecz senior\u00f3w zdobywaj\u0105c na te projekty dofinansowanie. W 2014 roku by\u0142 to np.\u00a0 projekt &#8222;Rozw\u00f3j wolontariatu senior\u00f3w w Aglomeracji Wa\u0142brzyskiej&#8221;, kt\u00f3ry obejmowa\u0142\u00a0 5 uniwersytet\u00f3w trzeciego wieku a w 2017 projekt dofinansowany w ramach ASOS &#8222;Terapeutyczny wolontariat wa\u0142brzyskich senior\u00f3w&#8221;.<\/p>\n<p>Jestem latarnikiem cyfrowym, czyli wprowadzam senior\u00f3w w cyfrowy \u015bwiat &#8211; przeszkoli\u0142am w ramach swojego grantu 350 os\u00f3b w wieku 50+. W latach 2011 &#8211; 2017 by\u0142am cz\u0142onkini\u0105 Gminnej Rady Dzia\u0142alno\u015bci Po\u017cytku Publicznego w Wa\u0142brzychu.\u00a0 Stara\u0142am si\u0119 poprawia\u0107 wsp\u00f3\u0142prac\u0119 miasta z organizacjami pozarz\u0105dowymi, g\u0142\u00f3wnie w dziedzinie edukacji. W latach 2012-2016 \u00a0roku by\u0142am\u00a0cz\u0142onkini\u0105 Rady do spraw Polityki Senioralnej przy MPiPS.\u00a0 Jestem zwolenniczk\u0105 partycypacji obywateli w stanowieniu prawa ich dotycz\u0105cego.<\/p>\n<p>Interesuj\u0119 si\u0119 literatur\u0105, zw\u0142aszcza polskich autorek &#8211; wa\u0142brzyszanek Joanny Bator i Olgi Tokarczuk, czy Gra\u017cyny Plebanek, Ingi\u00a0 Iwasi\u00f3w i Anny Janko.\u00a0 Lubi\u0119 s\u0142ucha\u0107 tr\u0105bki Tomasza Sta\u0144ki i \u015bpiewu Agi Zaryan. Je\u015bli mam czas robi\u0119 na drutach, to znakomicie relaksuje.\u00a0\u00a0 Uwielbiam podr\u00f3\u017ce, zwiedzi\u0142am wiele europejskich kraj\u00f3w, organizuj\u0119 wycieczki dla senior\u00f3w z naszego utw po kraju i Europie.<\/p>\n<p>Jestem m\u0119\u017catk\u0105, mam dwoje doros\u0142ych\u00a0 dzieci\u00a0 oraz dw\u00f3jk\u0119 wnuk\u00f3w. Moim marzeniem by\u0142o stworzenie uniwersytetu trzeciego wieku w Wa\u0142brzychu &#8211; uda\u0142o si\u0119 to marzenie zrealizowa\u0107, teraz chc\u0119 dzia\u0142a\u0107 troch\u0119 szerzej, mi\u0119dzy innymi\u00a0 na rzecz\u00a0 Federacji UTW na Dolnym \u015al\u0105sku.<\/p>\n<p><span style=\"font-size: 14pt; color: #008000;\"><strong>Izabela Stasiak &#8211; Kicieli\u0144ska<\/strong><\/span><\/p>\n<h3 style=\"text-align: left;\"><strong>Cz\u0142onkowie Rady Federacji UTW<\/strong><\/h3>\n<p><span style=\"font-size: 14pt; color: #008000;\"><strong>Apolonia Lulek &#8211; <\/strong><span style=\"font-size: 12pt; color: #000000;\">p<\/span><\/span>e\u0142nomocnik Rektora ds. Karkonoskiego\u00a0\u00a0 Uniwersytetu Trzeciego Wieku w Kamiennej G\u00f3rze. KUTW prowadz\u0119 od 2010\/2011, jestem absolwentk\u0105 Akademii Ekonomicznej\u00a0 we Wroc\u0142awiu. Wcze\u015bniej by\u0142am wicedyrektorem Zespo\u0142u Szk\u00f3\u0142 Zawodowych w Kamiennej G\u00f3rze. Pe\u0142ni\u0142am funkcj\u0119 sekretarza\u00a0\u00a0 w Stowarzyszeniu Os\u00f3b Intelektualnie Niepe\u0142nosprawnych. Prowadzi\u0142am OHP organizuj\u0105c prac\u0119\u00a0\u00a0\u00a0\u00a0 w czasie wakacji dla setek m\u0142odzie\u017cy w kraju i za granic\u0105.<\/p>\n<p>Po przej\u015bciu na emerytur\u0119 za\u0142o\u017cy\u0142am i przez 10 lat prowadzi\u0142am Spo\u0142eczne Studium Administracji. Praca z Seniorami nie jest \u0142atwa, gdy\u017c cz\u0119\u015b\u0107 z nich\u00a0 przyzwyczajona jest tylko do wymaga\u0144. Dlatego moja praca idzie w kierunku aktywizacji senior\u00f3w dzia\u0142aj\u0105c na rzecz innych. Wiem, \u017ce tego nie osi\u0105gnie si\u0119 natychmiast, \u017ce jest to d\u0142uga i \u017cmudna praca, ale efekty ju\u017c s\u0105 widoczne.<\/p>\n<p>Obecnie przyj\u0119\u0142am kilka cel\u00f3w, mi\u0119dzy innymi integracja mi\u0119dzypokoleniowa, wsp\u00f3\u0142praca z 4 szko\u0142ami r\u00f3\u017cnych szczebli, aby m\u0142odzie\u017c przygotowa\u0107 do tego,\u00a0 \u017ce staro\u015b\u0107 to nie wybryk natury tylko normalno\u015b\u0107. Wsp\u00f3\u0142praca z organizacjami, kt\u00f3re dzia\u0142aj\u0105 na rzecz senior\u00f3w. Praca na rzecz Rady Senior\u00f3w. I najwa\u017cniejszym celem jest organizacja ciekawych zaj\u0119\u0107, aby p\u00f3\u017ana doros\u0142o\u015b\u0107 by\u0142a mi\u0142a i satysfakcjonuj\u0105ca, aby pobyt na uniwersytecie by\u0142 platform\u0105 spotka\u0144 towarzyskich i bezpiecze\u0144stwem przed samotno\u015bci\u0105.<\/p>\n<p>Uniwersytet wsp\u00f3\u0142pracuje ze Stowarzyszeniem Fraeunkirche z Drezna. Organizujemy wsp\u00f3lne spotkania, wyjazdy, poznawanie kultury i obyczaj\u00f3w naszych s\u0105siad\u00f3w. Wsp\u00f3\u0142pracujemy tak\u017ce ze Zgromadzeniem Benedyktynek w Krzeszowie oraz Sanktuarium Krzeszowskim a tak\u017ce z organizacj\u0105\u00a0 VIA SAKRA. \u201dPodr\u00f3\u017cowanie bez granic przez wieki w zadumie\u201d. Organizacja Via Sakra skupia przedstawicieli obiekt\u00f3w kultury z teren\u00f3w Niemiec, Czech i Polski.<\/p>\n<p><span style=\"color: #008000; font-size: 14pt;\"><strong>Karolina Maria Popiel &#8211;\u00a0<\/strong><\/span>magister in\u017cynier rolnictwa, emerytowany pedagog, dzia\u0142aczka spo\u0142eczna.\u00a0 Ur. 1.11.1946 r. w Nowej Rudzie powiat K\u0142odzki woj. dolno\u015bl\u0105skie. Po uko\u0144czeniu szko\u0142y podstawowej kszta\u0142ci\u0142a si\u0119 dalej w Technikum Rolniczym kt\u00f3re uko\u0144czy\u0142a w 1965 roku. Od lat m\u0142odzie\u0144czych pracowa\u0142a spo\u0142ecznie. Pracuj\u0105c przez 15 lat kierowa\u0142a jednym z najlepszych i pierwszym w woj.dolno\u015bl\u0105skim m\u0142odzie\u017cowym dziewcz\u0119cym Klubem Honorowych Dawc\u00f3w Krwi.\u00a0 By\u0142a dyrektorem Zasadniczej Szko\u0142y Rolniczej w Nowej Rudzie. Uko\u0144czy\u0142a Studia Popdyplomowe z zakresu Technologii \u017bywno\u015bci w Poznaniu i\u00a0 Szkole G\u0142\u00f3wnej Gospodarstwa Wiejskiego w Warszawie.\u00a0 By\u0142a cz\u0142onkiem Plenum ZMW i LZS.\u00a0 Dzia\u0142aczka wielu organizacji na szczeblu wojew\u00f3dzkim i lokalnym.Za swoj\u0105 dzia\u0142alno\u015b\u0107 uhonorowana wieloma\u00a0 odznaczeniami.\u00a0 Wychowa\u0142a 2 syn\u00f3w i ma troje wnucz\u0105t.\u00a0 Po przej\u015bciu na emerytur\u0119 za\u0142o\u017cy\u0142a Uniwersytet Trzeciego Wieku, kt\u00f3rym kieruje od 10 lat.<\/p>\n<p><span style=\"font-size: 14pt; color: #008000;\"><strong>Janusz Ble<\/strong><strong>k<\/strong><\/span><\/p>\n<p><img decoding=\"async\" loading=\"lazy\" class=\"wp-image-191 alignleft\" src=\"http:\/\/nowadays.home.pl\/autoinstalator\/wordpress3\/wp-content\/uploads\/2017\/04\/januszblek.png\" alt=\"\" width=\"148\" height=\"200\" \/><\/p>\n<p><em>\u201eJest nikim ten co nie poprawia \u015bwiata\u201d<\/em><\/p>\n<p>Jestem absolwentem wydzia\u0142u Matematyki, Fizyki i\u00a0Chemii Uniwersytetu Wroc\u0142awskiego w\u00a0zakresie Fizyki ze specjalno\u015bci\u0105 nauczycielsk\u0105. Ca\u0142e swoje zawodowe\u00a0 \u017cycie zwi\u0105za\u0142em z I Liceum Og\u00f3lnokszta\u0142c\u0105cym w\u00a0Miliczu. Poza prac\u0105 dydaktyczn\u0105\u00a0 organizowa\u0142em biwaki, obozy, zimowiska i\u00a0wycieczki dla harcerzy i\u00a0uczni\u00f3w liceum. Tworzy\u0142em i prowadzi\u0142em \u015brodowiskowe harcerskie dru\u017cyny wodne \u00a0i\u00a0turystyczne dzia\u0142aj\u0105ce w ramach Szczepu ZHP przy I\u00a0Liceum Og\u00f3lnokszta\u0142c\u0105cym, kt\u00f3rego by\u0142 komendantem. W\u00a0latach 1989-99 by\u0142em dyrektorem I LO oraz Licem Medycznego. Tworzy\u0142em r\u00f3wnie\u017c szko\u0142\u0119 muzyczn\u0105 w Miliczu i by\u0142em jej pierwszym dyrektorem. Jako\u00a0 dzia\u0142acz zwi\u0105zkowy aktywnie uczestniczy\u0142em w\u00a0\u017cyciu lokalnych samorz\u0105d\u00f3w\u00a0 broni\u0105c praw pracownik\u00f3w o\u015bwiaty\u00a0 gminy i powiatu oraz tworz\u0105c lokalne prawo\u00a0 o\u015bwiatowe. Po przej\u015bciu na emerytur\u0119 podj\u0105\u0142em dzia\u0142alno\u015b\u0107 na rzecz senior\u00f3w jako wsp\u00f3\u0142za\u0142o\u017cyciel i prezes Uniwersytetu Trzeciego Wieku w Miliczu \u2013 Stowarzyszenia\u00a0 umo\u017cliwiaj\u0105cego aktywny udzia\u0142 w edukacji, kulturze i\u00a0sporcie wszystkim po pi\u0119\u0107dziesi\u0105tce.<\/p>\n<p>Moje zainteresowania to \u017ceglarstwo, turystyka i praca w ogrodzie.<\/p>\n","protected":false},"excerpt":{"rendered":"<p>Sk\u0142ad Rady Federacji UTW od 18 marca 2023 r. Prezes\u00a0 Federacji UTW Teresa Ziegler Jestem z\u00a0 wykszta\u0142cenia &#8211; informatyczk\u0105, z zawodu &#8211; nauczycielk\u0105 matematyki i informatyki, obecnie emerytowan\u0105, ale pracuj\u0105c\u0105. Chc\u0119 wp\u0142ywa\u0107 na rzeczywisto\u015b\u0107 poprzez dzia\u0142ania spo\u0142eczne dla mieszka\u0144c\u00f3w Wa\u0142brzycha. W tym celu dzia\u0142am w Wa\u0142brzyskim Towarzystwie O\u015bwiatowym na rzecz dzieci, m\u0142odzie\u017cy i doros\u0142ych, g\u0142\u00f3wnie &hellip; <a href=\"http:\/\/www.federacjautw.com.pl\/?page_id=198\" class=\"more-link\">Czytaj dalej <span class=\"screen-reader-text\">Rada<\/span><\/a><\/p>\n","protected":false},"author":1,"featured_media":0,"parent":80,"menu_order":0,"comment_status":"closed","ping_status":"closed","template":"","meta":[],"_links":{"self":[{"href":"http:\/\/www.federacjautw.com.pl\/index.php?rest_route=\/wp\/v2\/pages\/198"}],"collection":[{"href":"http:\/\/www.federacjautw.com.pl\/index.php?rest_route=\/wp\/v2\/pages"}],"about":[{"href":"http:\/\/www.federacjautw.com.pl\/index.php?rest_route=\/wp\/v2\/types\/page"}],"author":[{"embeddable":true,"href":"http:\/\/www.federacjautw.com.pl\/index.php?rest_route=\/wp\/v2\/users\/1"}],"replies":[{"embeddable":true,"href":"http:\/\/www.federacjautw.com.pl\/index.php?rest_route=%2Fwp%2Fv2%2Fcomments&post=198"}],"version-history":[{"count":28,"href":"http:\/\/www.federacjautw.com.pl\/index.php?rest_route=\/wp\/v2\/pages\/198\/revisions"}],"predecessor-version":[{"id":1296,"href":"http:\/\/www.federacjautw.com.pl\/index.php?rest_route=\/wp\/v2\/pages\/198\/revisions\/1296"}],"up":[{"embeddable":true,"href":"http:\/\/www.federacjautw.com.pl\/index.php?rest_route=\/wp\/v2\/pages\/80"}],"wp:attachment":[{"href":"http:\/\/www.federacjautw.com.pl\/index.php?rest_route=%2Fwp%2Fv2%2Fmedia&parent=198"}],"curies":[{"name":"wp","href":"https:\/\/api.w.org\/{rel}","templated":true}]}}